{"id":40,"date":"2016-01-26T16:34:13","date_gmt":"2016-01-26T15:34:13","guid":{"rendered":"http:\/\/renard-toutfaire.fr\/?page_id=40"},"modified":"2016-02-16T05:45:37","modified_gmt":"2016-02-16T04:45:37","slug":"libre-service","status":"publish","type":"page","link":"http:\/\/renard-toutfaire.fr\/?page_id=40","title":{"rendered":"Libre Service"},"content":{"rendered":"<p>Professionnel du b\u00e2timent ou particulier, notre \u00e9quipe de vente vous accueille dans une ambiance chaleureuse au travers de nos 750 m\u00b2 de surface de vente .<\/p>\n<p>Gr\u00e2ce \u00e0 son expertise et son savoir faire, elle vous aidera \u00e0 choisir le meilleur produit au meilleur prix parmi plus de 7000 r\u00e9f\u00e9rences afin de r\u00e9aliser vos projets ou m\u00eame une simple r\u00e9paration.<\/p>\n<p>Vous trouverez des solutions adapt\u00e9es \u00e0 vos besoins avec des marques reconnues telles que FISCHER, LEGRAND, BOSH, KARCHER gage de qualit\u00e9 de robustesse.<\/p>\n<p>Comme notre enseigne le laisse imaginer chez <strong>RENARD<\/strong> il y a <strong>TOUT<\/strong> pour <strong>FAIRE<\/strong> et surtout pour bien faire &#8230;<\/p>\n<div id=\"grid-gallery-4-85970\" data-gg-id=\"4\" data-title=\"LIBRE SERVICE\" data-grid-type=\"0\" data-offset=\"6.3\" data-area-position=\"center\" data-icons=\"\" data-preloader=\"\" data-width=\"200\" data-height=\"200\" data-padding=\"0\" data-quicksand=\"disabled\" data-quicksand-duration=\"none\" data-popup-theme=\"theme_6\" data-popup-type=\"pretty-photo\" data-popup-image-text=\"title\" data-popup-widthsize=\"auto\" data-popup-heightsize=\"auto\" data-popup-i18n-words=\"{&quot;close&quot;:&quot;fermer&quot;,&quot;next&quot;:&quot;suivant&quot;,&quot;previous&quot;:&quot;pr\\u00e9c\\u00e9dent&quot;,&quot;start_slideshow&quot;:&quot;d\\u00e9marrer le diaporama&quot;,&quot;stop_slideshow&quot;:&quot;arr\\u00e9ter le diaporama&quot;,&quot;image&quot;:&quot;image&quot;,&quot;of&quot;:&quot;de&quot;,&quot;prev&quot;:&quot;pr\\u00e9c.&quot;,&quot;cExpand&quot;:&quot;Agrandir&quot;,&quot;cPrevious&quot;:&quot;Pr\\u00e9c\\u00e9dent&quot;,&quot;cNext&quot;:&quot;Suivant&quot;,&quot;cExpandStr&quot;:&quot;Agrandir l&#039;image&quot;,&quot;cRotate&quot;:&quot;Pivoter&quot;,&quot;cDetails&quot;:&quot;Details&quot;}\" data-popup-slideshow=\"true\" data-popup-slideshow-speed=\"2500\" data-popup-hoverstop=\"true\" data-popup-slideshow-auto=\"true\" data-popup-background=\"\" data-popup-transparency=\"30\" data-popup-disable-history=\"\" data-popup-disable-changed-url=\"\" data-popup-border-type=\"\" data-popup-border-color=\"\" data-popup-border-width=\"\" data-popup-border-enable=\"\" data-fullscreen=\"false\" data-hide-tooltip=\"false\" data-caption-font-family=\"Default\" data-caption-text-size=\"140\" data-is-mobile=\"0\" data-caption-mobile=\"false\" data-hide-long-tltp-title=\"0\" data-caption-disabled-on-mobile=\"false\" data-popup-placement-type=\"0\" data-social-sharing=\"{&quot;enabled&quot;:null,&quot;gallerySharing&quot;:{&quot;enabled&quot;:null,&quot;position&quot;:null},&quot;imageSharing&quot;:{&quot;enabled&quot;:null,&quot;wrapperClass&quot;:&quot; vertical &quot;},&quot;popupSharing&quot;:{&quot;enabled&quot;:null,&quot;wrapperClass&quot;:&quot; vertical &quot;}}\" class=\"grid-gallery grid-gallery-fixed \" style=\" width:140%; height:auto; margin-left:auto; margin-right:auto;position:relative;\"> <div class=\"gallery-loading\"> <div class=\"blocks\"> <div class=\"block\"><\/div> <div class=\"block\"><\/div> <div class=\"block\"><\/div> <div class=\"block\"><\/div> <\/div> <\/div> <div class=\"gallery-sharing-top\" style=\"display:none;\"> <\/div> <div id=\"photos-4\" class=\"grid-gallery-photos\"><FIGURE class=\"grid-gallery-caption\" data-grid-gallery-type=\"quarter-slide-up\" data-index=\"0\" style=\"display:none;border-radius:30;; margin:6.3px; width:2000;\" ><div class=\"crop\" style=\" width:2000; height:2000; overflow:hidden;\"><img decoding=\"async\" src=\"http:\/\/renard-toutfaire.fr\/wp-content\/uploads\/2016\/02\/007-200x200.jpg\" class=\"ggImg\" alt=\"007\" title=\"007\" data-description=\"007\" data-caption=\"007\" data-title=\"007\" style=\" width:200px; height:200px;\" \/><\/div><FIGCAPTION class=\"\" data-alpha=\"5\" style=\"color:#ffffff; background-color:#6f0000; font-size:140; text-align:left; font-family:Default;\" ><div class=\"grid-gallery-figcaption-wrap\" style=\"\"><\/div><\/FIGCAPTION><\/FIGURE><FIGURE class=\"grid-gallery-caption\" data-grid-gallery-type=\"quarter-slide-up\" data-index=\"1\" style=\"display:none;border-radius:30;; margin:6.3px; width:2000;\" ><div class=\"crop\" style=\" width:2000; height:2000; overflow:hidden;\"><img decoding=\"async\" src=\"http:\/\/renard-toutfaire.fr\/wp-content\/uploads\/2016\/02\/093-200x200.jpg\" class=\"ggImg\" alt=\"093\" title=\"093\" data-description=\"093\" data-caption=\"093\" data-title=\"093\" style=\" width:200px; height:200px;\" \/><\/div><FIGCAPTION class=\"\" data-alpha=\"5\" style=\"color:#ffffff; background-color:#6f0000; font-size:140; text-align:left; font-family:Default;\" ><div class=\"grid-gallery-figcaption-wrap\" style=\"\"><\/div><\/FIGCAPTION><\/FIGURE><FIGURE class=\"grid-gallery-caption\" data-grid-gallery-type=\"quarter-slide-up\" data-index=\"2\" style=\"display:none;border-radius:30;; margin:6.3px; width:2000;\" ><div class=\"crop\" style=\" width:2000; height:2000; overflow:hidden;\"><img decoding=\"async\" src=\"http:\/\/renard-toutfaire.fr\/wp-content\/uploads\/2016\/02\/023-200x200.jpg\" class=\"ggImg\" alt=\"023\" title=\"023\" data-description=\"023\" data-caption=\"023\" data-title=\"023\" style=\" width:200px; height:200px;\" \/><\/div><FIGCAPTION class=\"\" data-alpha=\"5\" style=\"color:#ffffff; background-color:#6f0000; font-size:140; text-align:left; font-family:Default;\" ><div class=\"grid-gallery-figcaption-wrap\" style=\"\"><\/div><\/FIGCAPTION><\/FIGURE><FIGURE class=\"grid-gallery-caption\" data-grid-gallery-type=\"quarter-slide-up\" data-index=\"3\" style=\"display:none;border-radius:30;; margin:6.3px; width:2000;\" ><div class=\"crop\" style=\" width:2000; height:2000; overflow:hidden;\"><img decoding=\"async\" src=\"http:\/\/renard-toutfaire.fr\/wp-content\/uploads\/2016\/02\/095-200x200.jpg\" class=\"ggImg\" alt=\"095\" title=\"095\" data-description=\"095\" data-caption=\"095\" data-title=\"095\" style=\" width:200px; height:200px;\" \/><\/div><FIGCAPTION class=\"\" data-alpha=\"5\" style=\"color:#ffffff; background-color:#6f0000; font-size:140; text-align:left; font-family:Default;\" ><div class=\"grid-gallery-figcaption-wrap\" style=\"\"><\/div><\/FIGCAPTION><\/FIGURE><FIGURE class=\"grid-gallery-caption\" data-grid-gallery-type=\"quarter-slide-up\" data-index=\"4\" style=\"display:none;border-radius:30;; margin:6.3px; width:2000;\" ><div class=\"crop\" style=\" width:2000; height:2000; overflow:hidden;\"><img decoding=\"async\" src=\"http:\/\/renard-toutfaire.fr\/wp-content\/uploads\/2016\/02\/094-1-200x200.jpg\" class=\"ggImg\" alt=\"094\" title=\"094\" data-description=\"094\" data-caption=\"094\" data-title=\"094\" style=\" width:200px; height:200px;\" \/><\/div><FIGCAPTION class=\"\" data-alpha=\"5\" style=\"color:#ffffff; background-color:#6f0000; font-size:140; text-align:left; font-family:Default;\" ><div class=\"grid-gallery-figcaption-wrap\" style=\"\"><\/div><\/FIGCAPTION><\/FIGURE><FIGURE class=\"grid-gallery-caption\" data-grid-gallery-type=\"quarter-slide-up\" data-index=\"5\" style=\"display:none;border-radius:30;; margin:6.3px; width:2000;\" ><div class=\"crop\" style=\" width:2000; height:2000; overflow:hidden;\"><img decoding=\"async\" src=\"http:\/\/renard-toutfaire.fr\/wp-content\/uploads\/2016\/02\/010-200x200.jpg\" class=\"ggImg\" alt=\"010\" title=\"010\" data-description=\"010\" data-caption=\"010\" data-title=\"010\" style=\" width:200px; height:200px;\" \/><\/div><FIGCAPTION class=\"\" data-alpha=\"5\" style=\"color:#ffffff; background-color:#6f0000; font-size:140; text-align:left; font-family:Default;\" ><div class=\"grid-gallery-figcaption-wrap\" style=\"\"><\/div><\/FIGCAPTION><\/FIGURE><FIGURE class=\"grid-gallery-caption\" data-grid-gallery-type=\"quarter-slide-up\" data-index=\"6\" style=\"display:none;border-radius:30;; margin:6.3px; width:2000;\" ><div class=\"crop\" style=\" width:2000; height:2000; overflow:hidden;\"><img decoding=\"async\" src=\"http:\/\/renard-toutfaire.fr\/wp-content\/uploads\/2016\/02\/097-200x200.jpg\" class=\"ggImg\" alt=\"097\" title=\"097\" data-description=\"097\" data-caption=\"097\" data-title=\"097\" style=\" width:200px; height:200px;\" \/><\/div><FIGCAPTION class=\"\" data-alpha=\"5\" style=\"color:#ffffff; background-color:#6f0000; font-size:140; text-align:left; font-family:Default;\" ><div class=\"grid-gallery-figcaption-wrap\" style=\"\"><\/div><\/FIGCAPTION><\/FIGURE><FIGURE class=\"grid-gallery-caption\" data-grid-gallery-type=\"quarter-slide-up\" data-index=\"7\" style=\"display:none;border-radius:30;; margin:6.3px; width:2000;\" ><div class=\"crop\" style=\" width:2000; height:2000; overflow:hidden;\"><img decoding=\"async\" src=\"http:\/\/renard-toutfaire.fr\/wp-content\/uploads\/2016\/02\/096-200x200.jpg\" class=\"ggImg\" alt=\"096\" title=\"096\" data-description=\"096\" data-caption=\"096\" data-title=\"096\" style=\" width:200px; height:200px;\" \/><\/div><FIGCAPTION class=\"\" data-alpha=\"5\" style=\"color:#ffffff; background-color:#6f0000; font-size:140; text-align:left; font-family:Default;\" ><div class=\"grid-gallery-figcaption-wrap\" style=\"\"><\/div><\/FIGCAPTION><\/FIGURE><FIGURE class=\"grid-gallery-caption\" data-grid-gallery-type=\"quarter-slide-up\" data-index=\"8\" style=\"display:none;border-radius:30;; margin:6.3px; width:2000;\" ><div class=\"crop\" style=\" width:2000; height:2000; overflow:hidden;\"><img decoding=\"async\" src=\"http:\/\/renard-toutfaire.fr\/wp-content\/uploads\/2016\/02\/098-200x200.jpg\" class=\"ggImg\" alt=\"098\" title=\"098\" data-description=\"098\" data-caption=\"098\" data-title=\"098\" style=\" width:200px; height:200px;\" \/><\/div><FIGCAPTION class=\"\" data-alpha=\"5\" style=\"color:#ffffff; background-color:#6f0000; font-size:140; text-align:left; font-family:Default;\" ><div class=\"grid-gallery-figcaption-wrap\" style=\"\"><\/div><\/FIGCAPTION><\/FIGURE><FIGURE class=\"grid-gallery-caption\" data-grid-gallery-type=\"quarter-slide-up\" data-index=\"9\" style=\"display:none;border-radius:30;; margin:6.3px; width:2000;\" ><div class=\"crop\" style=\" width:2000; height:2000; overflow:hidden;\"><img decoding=\"async\" src=\"http:\/\/renard-toutfaire.fr\/wp-content\/uploads\/2016\/02\/099-200x200.jpg\" class=\"ggImg\" alt=\"099\" title=\"099\" data-description=\"099\" data-caption=\"099\" data-title=\"099\" style=\" width:200px; height:200px;\" \/><\/div><FIGCAPTION class=\"\" data-alpha=\"5\" style=\"color:#ffffff; background-color:#6f0000; font-size:140; text-align:left; font-family:Default;\" ><div class=\"grid-gallery-figcaption-wrap\" style=\"\"><\/div><\/FIGCAPTION><\/FIGURE><FIGURE class=\"grid-gallery-caption\" data-grid-gallery-type=\"quarter-slide-up\" data-index=\"10\" style=\"display:none;border-radius:30;; margin:6.3px; width:2000;\" ><div class=\"crop\" style=\" width:2000; height:2000; overflow:hidden;\"><img decoding=\"async\" src=\"http:\/\/renard-toutfaire.fr\/wp-content\/uploads\/2016\/02\/105-200x200.jpg\" class=\"ggImg\" alt=\"105\" title=\"105\" data-description=\"105\" data-caption=\"105\" data-title=\"105\" style=\" width:200px; height:200px;\" \/><\/div><FIGCAPTION class=\"\" data-alpha=\"5\" style=\"color:#ffffff; background-color:#6f0000; font-size:140; text-align:left; font-family:Default;\" ><div class=\"grid-gallery-figcaption-wrap\" style=\"\"><\/div><\/FIGCAPTION><\/FIGURE><FIGURE class=\"grid-gallery-caption\" data-grid-gallery-type=\"quarter-slide-up\" data-index=\"11\" style=\"display:none;border-radius:30;; margin:6.3px; width:2000;\" ><div class=\"crop\" style=\" width:2000; height:2000; overflow:hidden;\"><img decoding=\"async\" src=\"http:\/\/renard-toutfaire.fr\/wp-content\/uploads\/2016\/02\/100-200x200.jpg\" class=\"ggImg\" alt=\"100\" title=\"100\" data-description=\"100\" data-caption=\"100\" data-title=\"100\" style=\" width:200px; height:200px;\" \/><\/div><FIGCAPTION class=\"\" data-alpha=\"5\" style=\"color:#ffffff; background-color:#6f0000; font-size:140; text-align:left; font-family:Default;\" ><div class=\"grid-gallery-figcaption-wrap\" style=\"\"><\/div><\/FIGCAPTION><\/FIGURE><FIGURE class=\"grid-gallery-caption\" data-grid-gallery-type=\"quarter-slide-up\" data-index=\"12\" style=\"display:none;border-radius:30;; margin:6.3px; width:2000;\" ><div class=\"crop\" style=\" width:2000; height:2000; overflow:hidden;\"><img decoding=\"async\" src=\"http:\/\/renard-toutfaire.fr\/wp-content\/uploads\/2016\/02\/127-200x200.jpg\" class=\"ggImg\" alt=\"127\" title=\"127\" data-description=\"127\" data-caption=\"127\" data-title=\"127\" style=\" width:200px; height:200px;\" \/><\/div><FIGCAPTION class=\"\" data-alpha=\"5\" style=\"color:#ffffff; background-color:#6f0000; font-size:140; text-align:left; font-family:Default;\" ><div class=\"grid-gallery-figcaption-wrap\" style=\"\"><\/div><\/FIGCAPTION><\/FIGURE><FIGURE class=\"grid-gallery-caption\" data-grid-gallery-type=\"quarter-slide-up\" data-index=\"13\" style=\"display:none;border-radius:30;; margin:6.3px; width:2000;\" ><div class=\"crop\" style=\" width:2000; height:2000; overflow:hidden;\"><img decoding=\"async\" src=\"http:\/\/renard-toutfaire.fr\/wp-content\/uploads\/2016\/02\/128-200x200.jpg\" class=\"ggImg\" alt=\"128\" title=\"128\" data-description=\"128\" data-caption=\"128\" data-title=\"128\" style=\" width:200px; height:200px;\" \/><\/div><FIGCAPTION class=\"\" data-alpha=\"5\" style=\"color:#ffffff; background-color:#6f0000; font-size:140; text-align:left; font-family:Default;\" ><div class=\"grid-gallery-figcaption-wrap\" style=\"\"><\/div><\/FIGCAPTION><\/FIGURE><FIGURE class=\"grid-gallery-caption\" data-grid-gallery-type=\"quarter-slide-up\" data-index=\"14\" style=\"display:none;border-radius:30;; margin:6.3px; width:2000;\" ><div class=\"crop\" style=\" width:2000; height:2000; overflow:hidden;\"><img decoding=\"async\" src=\"http:\/\/renard-toutfaire.fr\/wp-content\/uploads\/2016\/02\/IMG_7187-200x200.jpg\" class=\"ggImg\" alt=\"IMG_7187\" title=\"IMG_7187\" data-description=\"IMG_7187\" data-caption=\"IMG_7187\" data-title=\"IMG_7187\" style=\" width:200px; height:200px;\" \/><\/div><FIGCAPTION class=\"\" data-alpha=\"5\" style=\"color:#ffffff; background-color:#6f0000; font-size:140; text-align:left; font-family:Default;\" ><div class=\"grid-gallery-figcaption-wrap\" style=\"\"><\/div><\/FIGCAPTION><\/FIGURE><FIGURE class=\"grid-gallery-caption\" data-grid-gallery-type=\"quarter-slide-up\" data-index=\"15\" style=\"display:none;border-radius:30;; margin:6.3px; width:2000;\" ><div class=\"crop\" style=\" width:2000; height:2000; overflow:hidden;\"><img decoding=\"async\" src=\"http:\/\/renard-toutfaire.fr\/wp-content\/uploads\/2016\/02\/130-200x200.jpg\" class=\"ggImg\" alt=\"130\" title=\"130\" data-description=\"130\" data-caption=\"130\" data-title=\"130\" style=\" width:200px; height:200px;\" \/><\/div><FIGCAPTION class=\"\" data-alpha=\"5\" style=\"color:#ffffff; background-color:#6f0000; font-size:140; text-align:left; font-family:Default;\" ><div class=\"grid-gallery-figcaption-wrap\" style=\"\"><\/div><\/FIGCAPTION><\/FIGURE><FIGURE class=\"grid-gallery-caption\" data-grid-gallery-type=\"quarter-slide-up\" data-index=\"16\" style=\"display:none;border-radius:30;; margin:6.3px; width:2000;\" ><div class=\"crop\" style=\" width:2000; height:2000; overflow:hidden;\"><img decoding=\"async\" src=\"http:\/\/renard-toutfaire.fr\/wp-content\/uploads\/2016\/02\/129-200x200.jpg\" class=\"ggImg\" alt=\"129\" title=\"129\" data-description=\"129\" data-caption=\"129\" data-title=\"129\" style=\" width:200px; height:200px;\" \/><\/div><FIGCAPTION class=\"\" data-alpha=\"5\" style=\"color:#ffffff; background-color:#6f0000; font-size:140; text-align:left; font-family:Default;\" ><div class=\"grid-gallery-figcaption-wrap\" style=\"\"><\/div><\/FIGCAPTION><\/FIGURE><FIGURE class=\"grid-gallery-caption\" data-grid-gallery-type=\"quarter-slide-up\" data-index=\"17\" style=\"display:none;border-radius:30;; margin:6.3px; width:2000;\" ><div class=\"crop\" style=\" width:2000; height:2000; overflow:hidden;\"><img decoding=\"async\" src=\"http:\/\/renard-toutfaire.fr\/wp-content\/uploads\/2016\/02\/IMG_7179-200x200.jpg\" class=\"ggImg\" alt=\"IMG_7179\" title=\"IMG_7179\" data-description=\"IMG_7179\" data-caption=\"IMG_7179\" data-title=\"IMG_7179\" style=\" width:200px; height:200px;\" \/><\/div><FIGCAPTION class=\"\" data-alpha=\"5\" style=\"color:#ffffff; background-color:#6f0000; font-size:140; text-align:left; font-family:Default;\" ><div class=\"grid-gallery-figcaption-wrap\" style=\"\"><\/div><\/FIGCAPTION><\/FIGURE><FIGURE class=\"grid-gallery-caption\" data-grid-gallery-type=\"quarter-slide-up\" data-index=\"18\" style=\"display:none;border-radius:30;; margin:6.3px; width:2000;\" ><div class=\"crop\" style=\" width:2000; height:2000; overflow:hidden;\"><img decoding=\"async\" src=\"http:\/\/renard-toutfaire.fr\/wp-content\/uploads\/2016\/02\/IMG_7194-200x200.jpg\" class=\"ggImg\" alt=\"IMG_7194\" title=\"IMG_7194\" data-description=\"IMG_7194\" data-caption=\"IMG_7194\" data-title=\"IMG_7194\" style=\" width:200px; height:200px;\" \/><\/div><FIGCAPTION class=\"\" data-alpha=\"5\" style=\"color:#ffffff; background-color:#6f0000; font-size:140; text-align:left; font-family:Default;\" ><div class=\"grid-gallery-figcaption-wrap\" style=\"\"><\/div><\/FIGCAPTION><\/FIGURE> <div class=\"grid-gallery-clearfix\"><\/div> <\/div> <div class=\"gallery-sharing-bottom\" style=\"display:none;\"> <\/div> <div class=\"gallery-sharing-image\" style=\"display:none;\"> <\/div> <div class=\"gallery-sharing-popup\" style=\"display:none;\"> <\/div> <div class=\"grid-gallery-clearfix\"><\/div> <\/div> <!-- Gallery by Supsystic plugin1.15.24 --><a title=\"Wordpress Photo Gallery\" style=\"display:none;\" href=\"https:\/\/supsystic.com\/plugins\/photo-gallery\/?utm_medium=love_link\" target=\"_blank\">Wordpress Photo Gallery<\/a>\n","protected":false},"excerpt":{"rendered":"<p>Professionnel du b\u00e2timent ou particulier, notre \u00e9quipe de vente vous accueille dans une ambiance chaleureuse au travers de nos 750 m\u00b2 de surface de vente . Gr\u00e2ce \u00e0 son expertise et son savoir faire, elle vous aidera \u00e0 choisir le meilleur produit au meilleur prix parmi plus de 7000 r\u00e9f\u00e9rences afin de r\u00e9aliser vos projets [&hellip;]<\/p>\n","protected":false},"author":1,"featured_media":0,"parent":0,"menu_order":0,"comment_status":"closed","ping_status":"closed","template":"","meta":{"footnotes":""},"class_list":["post-40","page","type-page","status-publish","hentry"],"_links":{"self":[{"href":"http:\/\/renard-toutfaire.fr\/index.php?rest_route=\/wp\/v2\/pages\/40"}],"collection":[{"href":"http:\/\/renard-toutfaire.fr\/index.php?rest_route=\/wp\/v2\/pages"}],"about":[{"href":"http:\/\/renard-toutfaire.fr\/index.php?rest_route=\/wp\/v2\/types\/page"}],"author":[{"embeddable":true,"href":"http:\/\/renard-toutfaire.fr\/index.php?rest_route=\/wp\/v2\/users\/1"}],"replies":[{"embeddable":true,"href":"http:\/\/renard-toutfaire.fr\/index.php?rest_route=%2Fwp%2Fv2%2Fcomments&post=40"}],"version-history":[{"count":5,"href":"http:\/\/renard-toutfaire.fr\/index.php?rest_route=\/wp\/v2\/pages\/40\/revisions"}],"predecessor-version":[{"id":157,"href":"http:\/\/renard-toutfaire.fr\/index.php?rest_route=\/wp\/v2\/pages\/40\/revisions\/157"}],"wp:attachment":[{"href":"http:\/\/renard-toutfaire.fr\/index.php?rest_route=%2Fwp%2Fv2%2Fmedia&parent=40"}],"curies":[{"name":"wp","href":"https:\/\/api.w.org\/{rel}","templated":true}]}}