{"id":32,"date":"2016-01-26T16:18:05","date_gmt":"2016-01-26T15:18:05","guid":{"rendered":"http:\/\/renard-toutfaire.fr\/?page_id=32"},"modified":"2016-02-17T11:54:40","modified_gmt":"2016-02-17T10:54:40","slug":"carrelage-sanitaire","status":"publish","type":"page","link":"http:\/\/renard-toutfaire.fr\/?page_id=32","title":{"rendered":"Carrelage \/ Sanitaire"},"content":{"rendered":"<p>R\u00e9cemment r\u00e9nov\u00e9, notre show-room carrelage d\u2019une surface de 100 m\u00b2 vous propose une gamme vari\u00e9e de carrelages, fa\u00efences, mosa\u00efques pierres, carreaux ciment\u2026<br \/>\nLa qualit\u00e9 d\u2019accueil et d\u2019\u00e9coute sont nos priorit\u00e9s. Nos sp\u00e9cialistes vous apportent aussi les \u00e9l\u00e9ments techniques n\u00e9cessaires \u00e0 la bonne r\u00e9alisation de vos projets.<br \/>\nD\u00e9couvrez des produits int\u00e9rieurs ou ext\u00e9rieurs rigoureusement s\u00e9lectionn\u00e9s pour leur qualit\u00e9, leur norme, mais aussi leur prix.<br \/>\nNous s\u00e9lectionnons attentivement nos fournisseurs afin de vous apporter le meilleur rapport qualit\u00e9\/prix. Venez d\u00e9couvrir les nouveaut\u00e9s, effet b\u00e9ton, effet bois, faits main, avec des motifs, ou encore du carrelage XXL grand format.<br \/>\nNotre offre carrelage s\u2019est consid\u00e9rablement \u00e9largie gr\u00e2ce \u00e0 la mise en place d\u2019une plateforme de stockage nationale . Nos d\u00e9lais d\u2019approvisionnement sont aussi consid\u00e9rablement r\u00e9duits.<br \/>\nPour compl\u00e9ter la gamme carrelage, une offre sanitaire va prochainement voir le jour.<\/p>\n<p><em><strong><a href=\"http:\/\/www.toutfaire.fr\/sites\/default\/files\/Catalogue_Carrelage.pdf\" target=\"_blank\">Consulter notre catalogue<\/a><\/strong><\/em><\/p>\n<div id=\"grid-gallery-1-99346\" data-gg-id=\"1\" data-title=\"CARRELAGE\" data-grid-type=\"0\" data-offset=\"6.3\" data-area-position=\"center\" data-icons=\"\" data-preloader=\"\" data-width=\"200\" data-height=\"200\" data-padding=\"0\" data-quicksand=\"disabled\" data-quicksand-duration=\"none\" data-popup-theme=\"theme_6\" data-popup-type=\"pretty-photo\" data-popup-image-text=\"title\" data-popup-widthsize=\"auto\" data-popup-heightsize=\"auto\" data-popup-i18n-words=\"{&quot;close&quot;:&quot;fermer&quot;,&quot;next&quot;:&quot;suivant&quot;,&quot;previous&quot;:&quot;pr\\u00e9c\\u00e9dent&quot;,&quot;start_slideshow&quot;:&quot;d\\u00e9marrer le diaporama&quot;,&quot;stop_slideshow&quot;:&quot;arr\\u00e9ter le diaporama&quot;,&quot;image&quot;:&quot;image&quot;,&quot;of&quot;:&quot;de&quot;,&quot;prev&quot;:&quot;pr\\u00e9c.&quot;,&quot;cExpand&quot;:&quot;Agrandir&quot;,&quot;cPrevious&quot;:&quot;Pr\\u00e9c\\u00e9dent&quot;,&quot;cNext&quot;:&quot;Suivant&quot;,&quot;cExpandStr&quot;:&quot;Agrandir l&#039;image&quot;,&quot;cRotate&quot;:&quot;Pivoter&quot;,&quot;cDetails&quot;:&quot;Details&quot;}\" data-popup-slideshow=\"true\" data-popup-slideshow-speed=\"2500\" data-popup-hoverstop=\"true\" data-popup-slideshow-auto=\"true\" data-popup-background=\"\" data-popup-transparency=\"30\" data-popup-disable-history=\"\" data-popup-disable-changed-url=\"\" data-popup-border-type=\"\" data-popup-border-color=\"\" data-popup-border-width=\"\" data-popup-border-enable=\"\" data-fullscreen=\"false\" data-hide-tooltip=\"false\" data-caption-font-family=\"Default\" data-caption-text-size=\"140\" data-is-mobile=\"0\" data-caption-mobile=\"false\" data-hide-long-tltp-title=\"0\" data-caption-disabled-on-mobile=\"false\" data-popup-placement-type=\"0\" data-social-sharing=\"{&quot;enabled&quot;:null,&quot;gallerySharing&quot;:{&quot;enabled&quot;:null,&quot;position&quot;:null},&quot;imageSharing&quot;:{&quot;enabled&quot;:null,&quot;wrapperClass&quot;:&quot; vertical &quot;},&quot;popupSharing&quot;:{&quot;enabled&quot;:null,&quot;wrapperClass&quot;:&quot; vertical &quot;}}\" class=\"grid-gallery grid-gallery-fixed \" style=\" width:140%; height:auto; margin-left:auto; margin-right:auto;position:relative;\"> <div class=\"gallery-loading\"> <div class=\"blocks\"> <div class=\"block\"><\/div> <div class=\"block\"><\/div> <div class=\"block\"><\/div> <div class=\"block\"><\/div> <\/div> <\/div> <div class=\"gallery-sharing-top\" style=\"display:none;\"> <\/div> <div id=\"photos-1\" class=\"grid-gallery-photos\"><FIGURE class=\"grid-gallery-caption\" data-grid-gallery-type=\"quarter-slide-up\" data-index=\"0\" style=\"display:none;border-radius:30;; margin:6.3px; width:2000;\" ><div class=\"crop\" style=\" width:2000; height:2000; overflow:hidden;\"><img decoding=\"async\" src=\"http:\/\/renard-toutfaire.fr\/wp-content\/uploads\/2016\/02\/IMG_7164-200x200.jpg\" class=\"ggImg\" alt=\"IMG_7164\" title=\"IMG_7164\" data-description=\"IMG_7164\" data-caption=\"IMG_7164\" data-title=\"IMG_7164\" style=\" width:200px; height:200px;\" \/><\/div><FIGCAPTION class=\"\" data-alpha=\"5\" style=\"color:#ffffff; background-color:#6f0000; font-size:140; text-align:left; font-family:Default;\" ><div class=\"grid-gallery-figcaption-wrap\" style=\"\"><\/div><\/FIGCAPTION><\/FIGURE><FIGURE class=\"grid-gallery-caption\" data-grid-gallery-type=\"quarter-slide-up\" data-index=\"1\" style=\"display:none;border-radius:30;; margin:6.3px; width:2000;\" ><div class=\"crop\" style=\" width:2000; height:2000; overflow:hidden;\"><img decoding=\"async\" src=\"http:\/\/renard-toutfaire.fr\/wp-content\/uploads\/2016\/02\/IMG_7163-200x200.jpg\" class=\"ggImg\" alt=\"IMG_7163\" title=\"IMG_7163\" data-description=\"IMG_7163\" data-caption=\"IMG_7163\" data-title=\"IMG_7163\" style=\" width:200px; height:200px;\" \/><\/div><FIGCAPTION class=\"\" data-alpha=\"5\" style=\"color:#ffffff; background-color:#6f0000; font-size:140; text-align:left; font-family:Default;\" ><div class=\"grid-gallery-figcaption-wrap\" style=\"\"><\/div><\/FIGCAPTION><\/FIGURE><FIGURE class=\"grid-gallery-caption\" data-grid-gallery-type=\"quarter-slide-up\" data-index=\"2\" style=\"display:none;border-radius:30;; margin:6.3px; width:2000;\" ><div class=\"crop\" style=\" width:2000; height:2000; overflow:hidden;\"><img decoding=\"async\" src=\"http:\/\/renard-toutfaire.fr\/wp-content\/uploads\/2016\/02\/118-200x200.jpg\" class=\"ggImg\" alt=\"118\" title=\"118\" data-description=\"118\" data-caption=\"118\" data-title=\"118\" style=\" width:200px; height:200px;\" \/><\/div><FIGCAPTION class=\"\" data-alpha=\"5\" style=\"color:#ffffff; background-color:#6f0000; font-size:140; text-align:left; font-family:Default;\" ><div class=\"grid-gallery-figcaption-wrap\" style=\"\"><\/div><\/FIGCAPTION><\/FIGURE><FIGURE class=\"grid-gallery-caption\" data-grid-gallery-type=\"quarter-slide-up\" data-index=\"3\" style=\"display:none;border-radius:30;; margin:6.3px; width:2000;\" ><div class=\"crop\" style=\" width:2000; height:2000; overflow:hidden;\"><img decoding=\"async\" src=\"http:\/\/renard-toutfaire.fr\/wp-content\/uploads\/2016\/02\/IMG_7165-200x200.jpg\" class=\"ggImg\" alt=\"IMG_7165\" title=\"IMG_7165\" data-description=\"IMG_7165\" data-caption=\"IMG_7165\" data-title=\"IMG_7165\" style=\" width:200px; height:200px;\" \/><\/div><FIGCAPTION class=\"\" data-alpha=\"5\" style=\"color:#ffffff; background-color:#6f0000; font-size:140; text-align:left; font-family:Default;\" ><div class=\"grid-gallery-figcaption-wrap\" style=\"\"><\/div><\/FIGCAPTION><\/FIGURE><FIGURE class=\"grid-gallery-caption\" data-grid-gallery-type=\"quarter-slide-up\" data-index=\"4\" style=\"display:none;border-radius:30;; margin:6.3px; width:2000;\" ><div class=\"crop\" style=\" width:2000; height:2000; overflow:hidden;\"><img decoding=\"async\" src=\"http:\/\/renard-toutfaire.fr\/wp-content\/uploads\/2016\/02\/121-200x200.jpg\" class=\"ggImg\" alt=\"121\" title=\"121\" data-description=\"121\" data-caption=\"121\" data-title=\"121\" style=\" width:200px; height:200px;\" \/><\/div><FIGCAPTION class=\"\" data-alpha=\"5\" style=\"color:#ffffff; background-color:#6f0000; font-size:140; text-align:left; font-family:Default;\" ><div class=\"grid-gallery-figcaption-wrap\" style=\"\"><\/div><\/FIGCAPTION><\/FIGURE><FIGURE class=\"grid-gallery-caption\" data-grid-gallery-type=\"quarter-slide-up\" data-index=\"5\" style=\"display:none;border-radius:30;; margin:6.3px; width:2000;\" ><div class=\"crop\" style=\" width:2000; height:2000; overflow:hidden;\"><img decoding=\"async\" src=\"http:\/\/renard-toutfaire.fr\/wp-content\/uploads\/2016\/02\/119-200x200.jpg\" class=\"ggImg\" alt=\"119\" title=\"119\" data-description=\"119\" data-caption=\"119\" data-title=\"119\" style=\" width:200px; height:200px;\" \/><\/div><FIGCAPTION class=\"\" data-alpha=\"5\" style=\"color:#ffffff; background-color:#6f0000; font-size:140; text-align:left; font-family:Default;\" ><div class=\"grid-gallery-figcaption-wrap\" style=\"\"><\/div><\/FIGCAPTION><\/FIGURE><FIGURE class=\"grid-gallery-caption\" data-grid-gallery-type=\"quarter-slide-up\" data-index=\"6\" style=\"display:none;border-radius:30;; margin:6.3px; width:2000;\" ><div class=\"crop\" style=\" width:2000; height:2000; overflow:hidden;\"><img decoding=\"async\" src=\"http:\/\/renard-toutfaire.fr\/wp-content\/uploads\/2016\/02\/116-200x200.jpg\" class=\"ggImg\" alt=\"116\" title=\"116\" data-description=\"116\" data-caption=\"116\" data-title=\"116\" style=\" width:200px; height:200px;\" \/><\/div><FIGCAPTION class=\"\" data-alpha=\"5\" style=\"color:#ffffff; background-color:#6f0000; font-size:140; text-align:left; font-family:Default;\" ><div class=\"grid-gallery-figcaption-wrap\" style=\"\"><\/div><\/FIGCAPTION><\/FIGURE> <div class=\"grid-gallery-clearfix\"><\/div> <\/div> <div class=\"gallery-sharing-bottom\" style=\"display:none;\"> <\/div> <div class=\"gallery-sharing-image\" style=\"display:none;\"> <\/div> <div class=\"gallery-sharing-popup\" style=\"display:none;\"> <\/div> <div class=\"grid-gallery-clearfix\"><\/div> <\/div> <!-- Gallery by Supsystic plugin1.15.24 --><a title=\"Wordpress Photo Gallery\" style=\"display:none;\" href=\"https:\/\/supsystic.com\/plugins\/photo-gallery\/?utm_medium=love_link\" target=\"_blank\">Wordpress Photo Gallery<\/a>\n","protected":false},"excerpt":{"rendered":"<p>R\u00e9cemment r\u00e9nov\u00e9, notre show-room carrelage d\u2019une surface de 100 m\u00b2 vous propose une gamme vari\u00e9e de carrelages, fa\u00efences, mosa\u00efques pierres, carreaux ciment\u2026 La qualit\u00e9 d\u2019accueil et d\u2019\u00e9coute sont nos priorit\u00e9s. Nos sp\u00e9cialistes vous apportent aussi les \u00e9l\u00e9ments techniques n\u00e9cessaires \u00e0 la bonne r\u00e9alisation de vos projets. D\u00e9couvrez des produits int\u00e9rieurs ou ext\u00e9rieurs rigoureusement s\u00e9lectionn\u00e9s pour [&hellip;]<\/p>\n","protected":false},"author":1,"featured_media":0,"parent":0,"menu_order":0,"comment_status":"closed","ping_status":"closed","template":"","meta":{"footnotes":""},"class_list":["post-32","page","type-page","status-publish","hentry"],"_links":{"self":[{"href":"http:\/\/renard-toutfaire.fr\/index.php?rest_route=\/wp\/v2\/pages\/32"}],"collection":[{"href":"http:\/\/renard-toutfaire.fr\/index.php?rest_route=\/wp\/v2\/pages"}],"about":[{"href":"http:\/\/renard-toutfaire.fr\/index.php?rest_route=\/wp\/v2\/types\/page"}],"author":[{"embeddable":true,"href":"http:\/\/renard-toutfaire.fr\/index.php?rest_route=\/wp\/v2\/users\/1"}],"replies":[{"embeddable":true,"href":"http:\/\/renard-toutfaire.fr\/index.php?rest_route=%2Fwp%2Fv2%2Fcomments&post=32"}],"version-history":[{"count":8,"href":"http:\/\/renard-toutfaire.fr\/index.php?rest_route=\/wp\/v2\/pages\/32\/revisions"}],"predecessor-version":[{"id":161,"href":"http:\/\/renard-toutfaire.fr\/index.php?rest_route=\/wp\/v2\/pages\/32\/revisions\/161"}],"wp:attachment":[{"href":"http:\/\/renard-toutfaire.fr\/index.php?rest_route=%2Fwp%2Fv2%2Fmedia&parent=32"}],"curies":[{"name":"wp","href":"https:\/\/api.w.org\/{rel}","templated":true}]}}